{"id":2590,"date":"2025-10-10T13:56:21","date_gmt":"2025-10-10T11:56:21","guid":{"rendered":"https:\/\/new.semu.be\/legislation\/"},"modified":"2025-12-28T13:25:39","modified_gmt":"2025-12-28T12:25:39","slug":"legislation","status":"publish","type":"page","link":"https:\/\/semu.be\/fr\/legislation\/","title":{"rendered":"L\u00e9gislation"},"content":{"rendered":"\t\t<div data-elementor-type=\"wp-page\" data-elementor-id=\"2590\" class=\"elementor elementor-2590 elementor-485\" data-elementor-post-type=\"page\">\n\t\t\t\t<div class=\"elementor-element elementor-element-187ac2bb pad-tb-m e-flex e-con-boxed e-con e-parent\" data-id=\"187ac2bb\" data-element_type=\"container\" data-e-type=\"container\" data-settings=\"{&quot;background_background&quot;:&quot;classic&quot;}\">\n\t\t\t\t\t<div class=\"e-con-inner\">\n\t\t\t\t<div class=\"elementor-element elementor-element-6a25d69b elementor-widget elementor-widget-heading\" data-id=\"6a25d69b\" data-element_type=\"widget\" data-e-type=\"widget\" data-widget_type=\"heading.default\">\n\t\t\t\t\t<h1 class=\"elementor-heading-title elementor-size-default\">L\u00e9gislation<\/h1>\t\t\t\t<\/div>\n\t\t\t\t\t<\/div>\n\t\t\t\t<\/div>\n\t\t<div class=\"elementor-element elementor-element-b2ab28f pad-tb-m e-flex e-con-boxed e-con e-parent\" data-id=\"b2ab28f\" data-element_type=\"container\" data-e-type=\"container\">\n\t\t\t\t\t<div class=\"e-con-inner\">\n\t\t\t\t<div class=\"elementor-element elementor-element-18e638c elementor-widget elementor-widget-text-editor\" data-id=\"18e638c\" data-element_type=\"widget\" data-e-type=\"widget\" data-widget_type=\"text-editor.default\">\n\t\t\t\t\t\t\t\t\t<p>La SEMU travaille dans un cadre juridique clair qui prot\u00e8ge les droits des \u00e9diteurs de musique et des compositeurs.<br>Vous trouverez ci-dessous les principaux textes l\u00e9gaux et directives sur lesquels repose notre fonctionnement.<\/p>\t\t\t\t\t\t\t\t<\/div>\n\t\t\t\t<div class=\"elementor-element elementor-element-257003be elementor-widget elementor-widget-text-editor\" data-id=\"257003be\" data-element_type=\"widget\" data-e-type=\"widget\" data-widget_type=\"text-editor.default\">\n\t\t\t\t\t\t\t\t\t<ul><li> <strong data-start=\"773\" data-end=\"840\">Code de droit \u00e9conomique &#8211; Livre XI \u00ab\u00a0Propri\u00e9t\u00e9 intellectuelle<\/strong>\u00ab\u00a0<br data-start=\"840\" data-end=\"843\">L\u00e9gislation belge sur le droit d&rsquo;auteur et les droits voisins.<\/li><li data-start=\"911\" data-end=\"1106\"><p data-start=\"913\" data-end=\"1106\"><a href=\"https:\/\/semu.be\/wp-content\/uploads\/directive_copyright_nl.pdf\" target=\"_blank\" rel=\"noopener\"><strong data-start=\"913\" data-end=\"989\">Directive 2001\/29\/CE du Parlement europ\u00e9en et du Conseil (22 mai 2001)<\/strong><\/a><br data-start=\"989\" data-end=\"992\">Directive europ\u00e9enne sur l&rsquo;harmonisation de certains aspects du droit d&rsquo;auteur dans la soci\u00e9t\u00e9 de l&rsquo;information.<\/p><\/li><\/ul>\t\t\t\t\t\t\t\t<\/div>\n\t\t\t\t\t<\/div>\n\t\t\t\t<\/div>\n\t\t\t\t<\/div>\n\t\t","protected":false},"excerpt":{"rendered":"<p>La SEMU travaille dans un cadre juridique clair qui prot\u00e8ge les droits des \u00e9diteurs de musique et des compositeurs.Vous trouverez ci-dessous les principaux textes l\u00e9gaux et directives sur lesquels repose notre fonctionnement. Code de droit \u00e9conomique &#8211; Livre XI \u00ab\u00a0Propri\u00e9t\u00e9 intellectuelle\u00ab\u00a0L\u00e9gislation belge sur le droit d&rsquo;auteur et les droits voisins. Directive 2001\/29\/CE du Parlement europ\u00e9en [&hellip;]<\/p>\n","protected":false},"author":1,"featured_media":0,"parent":0,"menu_order":0,"comment_status":"closed","ping_status":"closed","template":"","meta":{"_acf_changed":false,"iawp_total_views":18,"footnotes":""},"class_list":["post-2590","page","type-page","status-publish","hentry"],"acf":[],"_links":{"self":[{"href":"https:\/\/semu.be\/fr\/wp-json\/wp\/v2\/pages\/2590","targetHints":{"allow":["GET"]}}],"collection":[{"href":"https:\/\/semu.be\/fr\/wp-json\/wp\/v2\/pages"}],"about":[{"href":"https:\/\/semu.be\/fr\/wp-json\/wp\/v2\/types\/page"}],"author":[{"embeddable":true,"href":"https:\/\/semu.be\/fr\/wp-json\/wp\/v2\/users\/1"}],"replies":[{"embeddable":true,"href":"https:\/\/semu.be\/fr\/wp-json\/wp\/v2\/comments?post=2590"}],"version-history":[{"count":4,"href":"https:\/\/semu.be\/fr\/wp-json\/wp\/v2\/pages\/2590\/revisions"}],"predecessor-version":[{"id":2691,"href":"https:\/\/semu.be\/fr\/wp-json\/wp\/v2\/pages\/2590\/revisions\/2691"}],"wp:attachment":[{"href":"https:\/\/semu.be\/fr\/wp-json\/wp\/v2\/media?parent=2590"}],"curies":[{"name":"wp","href":"https:\/\/api.w.org\/{rel}","templated":true}]}}