{"id":2561,"date":"2025-10-10T15:34:17","date_gmt":"2025-10-10T13:34:17","guid":{"rendered":"https:\/\/new.semu.be\/a-propos-de-la-semu\/"},"modified":"2025-12-28T13:12:23","modified_gmt":"2025-12-28T12:12:23","slug":"a-propos-de-la-semu","status":"publish","type":"page","link":"https:\/\/semu.be\/fr\/a-propos-de-la-semu\/","title":{"rendered":"\u00c0 propos de la SEMU"},"content":{"rendered":"\t\t<div data-elementor-type=\"wp-page\" data-elementor-id=\"2561\" class=\"elementor elementor-2561 elementor-534\" data-elementor-post-type=\"page\">\n\t\t\t\t<div class=\"elementor-element elementor-element-b79c308 pad-tb-m e-flex e-con-boxed e-con e-parent\" data-id=\"b79c308\" data-element_type=\"container\" data-e-type=\"container\" data-settings=\"{&quot;background_background&quot;:&quot;classic&quot;}\">\n\t\t\t\t\t<div class=\"e-con-inner\">\n\t\t\t\t<div class=\"elementor-element elementor-element-443eb09 elementor-widget elementor-widget-heading\" data-id=\"443eb09\" data-element_type=\"widget\" data-e-type=\"widget\" data-widget_type=\"heading.default\">\n\t\t\t\t\t<h1 class=\"elementor-heading-title elementor-size-default\">\u00c0 propos de la SEMU<\/h1>\t\t\t\t<\/div>\n\t\t\t\t\t<\/div>\n\t\t\t\t<\/div>\n\t\t<div class=\"elementor-element elementor-element-f18c2e7 e-flex e-con-boxed e-con e-parent\" data-id=\"f18c2e7\" data-element_type=\"container\" data-e-type=\"container\">\n\t\t\t\t\t<div class=\"e-con-inner\">\n\t\t\t\t<div class=\"elementor-element elementor-element-cc35054 pad-t-m elementor-widget elementor-widget-text-editor\" data-id=\"cc35054\" data-element_type=\"widget\" data-e-type=\"widget\" data-widget_type=\"text-editor.default\">\n\t\t\t\t\t\t\t\t\t<p data-start=\"279\" data-end=\"508\">La SEMU repr\u00e9sente et g\u00e8re les droits des \u00e9diteurs de musique belges.<br data-start=\"353\" data-end=\"356\">Nous veillons \u00e0 ce que leurs droits d\u2019auteur soient per\u00e7us, g\u00e9r\u00e9s et r\u00e9partis correctement, conform\u00e9ment aux dispositions l\u00e9gales et dans le respect de la transparence.<\/p>\n<p data-start=\"510\" data-end=\"620\">Sur cette page, vous trouverez plus d&rsquo;informations sur notre structure, nos documents de politique g\u00e9n\u00e9rale et notre fonctionnement annuel.<\/p>\t\t\t\t\t\t\t\t<\/div>\n\t\t<div class=\"elementor-element elementor-element-01761f3 e-con-full pad-tb-m e-flex e-con e-child\" data-id=\"01761f3\" data-element_type=\"container\" data-e-type=\"container\">\n\t\t<div class=\"elementor-element elementor-element-ff8ca92 e-con-full e-flex e-con e-child\" data-id=\"ff8ca92\" data-element_type=\"container\" data-e-type=\"container\">\n\t\t\t\t<div class=\"elementor-element elementor-element-8ee834e elementor-widget elementor-widget-heading\" data-id=\"8ee834e\" data-element_type=\"widget\" data-e-type=\"widget\" data-widget_type=\"heading.default\">\n\t\t\t\t\t<h2 class=\"elementor-heading-title elementor-size-default\">Notre<\/h2>\t\t\t\t<\/div>\n\t\t\t\t<div class=\"elementor-element elementor-element-c050a96 elementor-widget elementor-widget-heading\" data-id=\"c050a96\" data-element_type=\"widget\" data-e-type=\"widget\" data-widget_type=\"heading.default\">\n\t\t\t\t\t<h2 class=\"elementor-heading-title elementor-size-default\">ORGANISATION\n<\/h2>\t\t\t\t<\/div>\n\t\t\t\t<\/div>\n\t\t<div class=\"elementor-element elementor-element-af27e5c e-con-full e-flex e-con e-child\" data-id=\"af27e5c\" data-element_type=\"container\" data-e-type=\"container\">\n\t\t\t\t<div class=\"elementor-element elementor-element-066d98d elementor-widget elementor-widget-text-editor\" data-id=\"066d98d\" data-element_type=\"widget\" data-e-type=\"widget\" data-widget_type=\"text-editor.default\">\n\t\t\t\t\t\t\t\t\t<p>La SEMU est une soci\u00e9t\u00e9 de gestion collective qui \u0153uvre pour et par les \u00e9diteurs de musique.<br data-start=\"733\" data-end=\"736\">Son fonctionnement repose sur des accords clairs et une politique transparente.<\/p><ul><li><a href=\"https:\/\/semu.be\/wp-content\/uploads\/231023-STATUTEN.pdf\" target=\"_blank\" rel=\"noopener\"><b>Statuts<\/b><\/a><b><br><\/b>La base juridique de la SEMU en tant qu&rsquo;organisation.<\/li><li><a href=\"https:\/\/semu.be\/wp-content\/uploads\/190611-algemeen-reglement.pdf\" target=\"_blank\" rel=\"noopener\"><b>R\u00e8glement g\u00e9n\u00e9ral<\/b><\/a><br>Les r\u00e8gles applicables aux membres, aux droits et aux proc\u00e9dures.<\/li><li><a href=\"https:\/\/semu.be\/wp-content\/uploads\/220329-Algemeen-beleid-beheerskosten.pdf\" target=\"_blank\" rel=\"noopener\"><b>Politique g\u00e9n\u00e9rale en mati\u00e8re de frais de gestion<\/b><\/a><br>Informations sur la mani\u00e8re dont les frais de gestion sont calcul\u00e9s et justifi\u00e9s.<\/li><li><a href=\"https:\/\/semu.be\/wp-content\/uploads\/220329-Algemeen-beleid-inzake-verdeling.pdf\" target=\"_blank\" rel=\"noopener\"><b>Politique g\u00e9n\u00e9rale en mati\u00e8re de r\u00e9partition<\/b><\/a><br>Informations sur la mani\u00e8re dont les droits collect\u00e9s sont r\u00e9partis entre les ayants droit.<\/li><\/ul>\t\t\t\t\t\t\t\t<\/div>\n\t\t\t\t<\/div>\n\t\t\t\t<\/div>\n\t\t\t\t\t<\/div>\n\t\t\t\t<\/div>\n\t\t<div class=\"elementor-element elementor-element-1e4540e e-flex e-con-boxed e-con e-parent\" data-id=\"1e4540e\" data-element_type=\"container\" data-e-type=\"container\" data-settings=\"{&quot;background_background&quot;:&quot;classic&quot;}\">\n\t\t\t\t\t<div class=\"e-con-inner\">\n\t\t<div class=\"elementor-element elementor-element-77e780f e-con-full pad-tb-m e-flex e-con e-child\" data-id=\"77e780f\" data-element_type=\"container\" data-e-type=\"container\">\n\t\t<div class=\"elementor-element elementor-element-19584ee e-con-full e-flex e-con e-child\" data-id=\"19584ee\" data-element_type=\"container\" data-e-type=\"container\">\n\t\t\t\t<div class=\"elementor-element elementor-element-f2cf901 elementor-widget elementor-widget-heading\" data-id=\"f2cf901\" data-element_type=\"widget\" data-e-type=\"widget\" data-widget_type=\"heading.default\">\n\t\t\t\t\t<h2 class=\"elementor-heading-title elementor-size-default\">RAPPORTS ANNUELS<\/h2>\t\t\t\t<\/div>\n\t\t\t\t<\/div>\n\t\t<div class=\"elementor-element elementor-element-35c1ec4 e-con-full e-flex e-con e-child\" data-id=\"35c1ec4\" data-element_type=\"container\" data-e-type=\"container\">\n\t\t\t\t<div class=\"elementor-element elementor-element-31d201e elementor-widget elementor-widget-text-editor\" data-id=\"31d201e\" data-element_type=\"widget\" data-e-type=\"widget\" data-widget_type=\"text-editor.default\">\n\t\t\t\t\t\t\t\t\t<p>La SEMU publie chaque ann\u00e9e un rapport sur son fonctionnement, ses r\u00e9sultats et ses chiffres. Les rapports annuels donnent une image transparente de nos activit\u00e9s et de la r\u00e9partition financi\u00e8re. <\/p><ul><li><span lang=\"nl-be\"><a href=\"https:\/\/semu.be\/wp-content\/uploads\/Jaarverslag-2024.pdf\" target=\"_blank\" rel=\"noopener\">Rapport annuel 2024<\/a><\/span><\/li><li><span lang=\"nl-be\"><a href=\"https:\/\/semu.be\/wp-content\/uploads\/Jaarverslag-2023.pdf\" target=\"_blank\" rel=\"noopener\">Rapport annuel 2023<\/a><\/span><\/li><li><span lang=\"nl-be\"><a href=\"https:\/\/semu.be\/wp-content\/uploads\/Jaarverslag-2022.pdf\" target=\"_blank\" rel=\"noopener\">Rapport annuel 2022<\/a><\/span><\/li><li><span lang=\"nl-be\"><a href=\"https:\/\/semu.be\/wp-content\/uploads\/2022-04-11-Jaarverslag-RvB-aan-AV-BJ2021-incl-cijfers.pdf\" target=\"_blank\" rel=\"noopener\">Rapport annuel 2021<\/a><\/span><\/li><li><a href=\"https:\/\/semu.be\/wp-content\/uploads\/2021-05-11-Jaarverslag-RvB-aan-AV-BJ2020-incl-cijfers.pdf\" target=\"_blank\" rel=\"noopener\">Rapport annuel 202<span class=\"style2\">0<\/span><\/a><\/li><li><a href=\"https:\/\/semu.be\/wp-content\/uploads\/Jaarverslag-2019-in-cijfers.pdf\" target=\"_blank\" rel=\"noopener\">Rapport annuel 2019 en chiffres<\/a><\/li><li><a href=\"https:\/\/semu.be\/wp-content\/uploads\/Jaarverslag-2018-in-cijfers-te-publiceren.pdf\" target=\"_blank\" rel=\"noopener\">Rapport annuel 2018 en chiffres<\/a><\/li><li><a href=\"https:\/\/semu.be\/wp-content\/uploads\/Semu-2017-jaarverslag-in-cijfers.pdf\" target=\"_blank\" rel=\"noopener\">Rapport annuel 2017 en chiffres<\/a><\/li><li><a href=\"https:\/\/semu.be\/wp-content\/uploads\/SEMU-Jaarverslag-in-cijfers-2016.pdf\" target=\"_blank\" rel=\"noopener\">Rapport annuel 2016 en chiffres<\/a><\/li><\/ul>\t\t\t\t\t\t\t\t<\/div>\n\t\t\t\t<\/div>\n\t\t\t\t<\/div>\n\t\t\t\t\t<\/div>\n\t\t\t\t<\/div>\n\t\t<div class=\"elementor-element elementor-element-8636ed2 e-flex e-con-boxed e-con e-parent\" data-id=\"8636ed2\" data-element_type=\"container\" data-e-type=\"container\" data-settings=\"{&quot;background_background&quot;:&quot;classic&quot;}\">\n\t\t\t\t\t<div class=\"e-con-inner\">\n\t\t<div class=\"elementor-element elementor-element-eff3046 e-con-full pad-tb-m e-flex e-con e-child\" data-id=\"eff3046\" data-element_type=\"container\" data-e-type=\"container\">\n\t\t<div class=\"elementor-element elementor-element-d4bf657 e-con-full e-flex e-con e-child\" data-id=\"d4bf657\" data-element_type=\"container\" data-e-type=\"container\">\n\t\t\t\t<div class=\"elementor-element elementor-element-7ebd34a elementor-widget elementor-widget-heading\" data-id=\"7ebd34a\" data-element_type=\"widget\" data-e-type=\"widget\" data-widget_type=\"heading.default\">\n\t\t\t\t\t<h2 class=\"elementor-heading-title elementor-size-default\">Conseil d'<\/h2>\t\t\t\t<\/div>\n\t\t\t\t<div class=\"elementor-element elementor-element-21d8ca3 elementor-widget elementor-widget-heading\" data-id=\"21d8ca3\" data-element_type=\"widget\" data-e-type=\"widget\" data-widget_type=\"heading.default\">\n\t\t\t\t\t<h2 class=\"elementor-heading-title elementor-size-default\">ADMINISTRATION<\/h2>\t\t\t\t<\/div>\n\t\t\t\t<\/div>\n\t\t<div class=\"elementor-element elementor-element-0aae3ff e-con-full e-flex e-con e-child\" data-id=\"0aae3ff\" data-element_type=\"container\" data-e-type=\"container\">\n\t\t\t\t<div class=\"elementor-element elementor-element-deffa7e elementor-widget elementor-widget-text-editor\" data-id=\"deffa7e\" data-element_type=\"widget\" data-e-type=\"widget\" data-widget_type=\"text-editor.default\">\n\t\t\t\t\t\t\t\t\t<p>La SEMU est administr\u00e9e par des repr\u00e9sentants des \u00e9diteurs de musique belges.<\/p>\t\t\t\t\t\t\t\t<\/div>\n\t\t\t\t<div class=\"elementor-element elementor-element-6d07e98 elementor-widget elementor-widget-heading\" data-id=\"6d07e98\" data-element_type=\"widget\" data-e-type=\"widget\" data-widget_type=\"heading.default\">\n\t\t\t\t\t<h3 class=\"elementor-heading-title elementor-size-default\">Conseil d'administration<\/h3>\t\t\t\t<\/div>\n\t\t\t\t<div class=\"elementor-element elementor-element-612780c elementor-widget elementor-widget-text-editor\" data-id=\"612780c\" data-element_type=\"widget\" data-e-type=\"widget\" data-widget_type=\"text-editor.default\">\n\t\t\t\t\t\t\t\t\t<ul><li>Andel Muziekuitgaven (Pr\u00e9sident)<\/li><li>Digital Music Print (Administrateur d\u00e9l\u00e9gu\u00e9)<\/li><li>Euprint<\/li><li>Golden River Music<\/li><li>Metropolis Music Publishers<\/li><\/ul>\t\t\t\t\t\t\t\t<\/div>\n\t\t\t\t<div class=\"elementor-element elementor-element-88e2f0a elementor-widget elementor-widget-heading\" data-id=\"88e2f0a\" data-element_type=\"widget\" data-e-type=\"widget\" data-widget_type=\"heading.default\">\n\t\t\t\t\t<h3 class=\"elementor-heading-title elementor-size-default\">Directeur g\u00e9n\u00e9ral et repr\u00e9sentant l\u00e9gal<\/h3>\t\t\t\t<\/div>\n\t\t\t\t<div class=\"elementor-element elementor-element-ef547d7 elementor-widget elementor-widget-text-editor\" data-id=\"ef547d7\" data-element_type=\"widget\" data-e-type=\"widget\" data-widget_type=\"text-editor.default\">\n\t\t\t\t\t\t\t\t\t<ul><li>Marc Hofkens<\/li><\/ul>\t\t\t\t\t\t\t\t<\/div>\n\t\t\t\t<\/div>\n\t\t\t\t<\/div>\n\t\t\t\t\t<\/div>\n\t\t\t\t<\/div>\n\t\t\t\t<\/div>\n\t\t","protected":false},"excerpt":{"rendered":"<p>La SEMU repr\u00e9sente et g\u00e8re les droits des \u00e9diteurs de musique belges.Nous veillons \u00e0 ce que leurs droits d\u2019auteur soient per\u00e7us, g\u00e9r\u00e9s et r\u00e9partis correctement, conform\u00e9ment aux dispositions l\u00e9gales et dans le respect de la transparence. Sur cette page, vous trouverez plus d&rsquo;informations sur notre structure, nos documents de politique g\u00e9n\u00e9rale et notre fonctionnement annuel. [&hellip;]<\/p>\n","protected":false},"author":1,"featured_media":0,"parent":0,"menu_order":0,"comment_status":"closed","ping_status":"closed","template":"","meta":{"_acf_changed":false,"iawp_total_views":24,"footnotes":""},"class_list":["post-2561","page","type-page","status-publish","hentry"],"acf":[],"_links":{"self":[{"href":"https:\/\/semu.be\/fr\/wp-json\/wp\/v2\/pages\/2561","targetHints":{"allow":["GET"]}}],"collection":[{"href":"https:\/\/semu.be\/fr\/wp-json\/wp\/v2\/pages"}],"about":[{"href":"https:\/\/semu.be\/fr\/wp-json\/wp\/v2\/types\/page"}],"author":[{"embeddable":true,"href":"https:\/\/semu.be\/fr\/wp-json\/wp\/v2\/users\/1"}],"replies":[{"embeddable":true,"href":"https:\/\/semu.be\/fr\/wp-json\/wp\/v2\/comments?post=2561"}],"version-history":[{"count":4,"href":"https:\/\/semu.be\/fr\/wp-json\/wp\/v2\/pages\/2561\/revisions"}],"predecessor-version":[{"id":2684,"href":"https:\/\/semu.be\/fr\/wp-json\/wp\/v2\/pages\/2561\/revisions\/2684"}],"wp:attachment":[{"href":"https:\/\/semu.be\/fr\/wp-json\/wp\/v2\/media?parent=2561"}],"curies":[{"name":"wp","href":"https:\/\/api.w.org\/{rel}","templated":true}]}}