{"id":2557,"date":"2025-10-15T20:10:26","date_gmt":"2025-10-15T18:10:26","guid":{"rendered":"https:\/\/new.semu.be\/licences\/ensembles-instrumentaux\/"},"modified":"2025-12-28T13:07:17","modified_gmt":"2025-12-28T12:07:17","slug":"ensembles-instrumentaux","status":"publish","type":"page","link":"https:\/\/semu.be\/fr\/licences\/ensembles-instrumentaux\/","title":{"rendered":"Ensembles instrumentaux"},"content":{"rendered":"\t\t<div data-elementor-type=\"wp-page\" data-elementor-id=\"2557\" class=\"elementor elementor-2557 elementor-1120\" data-elementor-post-type=\"page\">\n\t\t\t\t<div class=\"elementor-element elementor-element-187ac2bb pad-tb-m e-flex e-con-boxed e-con e-parent\" data-id=\"187ac2bb\" data-element_type=\"container\" data-e-type=\"container\" data-settings=\"{&quot;background_background&quot;:&quot;classic&quot;}\">\n\t\t\t\t\t<div class=\"e-con-inner\">\n\t\t\t\t<div class=\"elementor-element elementor-element-6a25d69b elementor-widget elementor-widget-heading\" data-id=\"6a25d69b\" data-element_type=\"widget\" data-e-type=\"widget\" data-widget_type=\"heading.default\">\n\t\t\t\t\t<h1 class=\"elementor-heading-title elementor-size-default\">Ensembles instrumentaux\n<\/h1>\t\t\t\t<\/div>\n\t\t\t\t\t<\/div>\n\t\t\t\t<\/div>\n\t\t<div class=\"elementor-element elementor-element-0d0856d pad-tb-m e-flex e-con-boxed e-con e-parent\" data-id=\"0d0856d\" data-element_type=\"container\" data-e-type=\"container\">\n\t\t\t\t\t<div class=\"e-con-inner\">\n\t\t<div class=\"elementor-element elementor-element-2cbe9c3 e-con-full e-flex e-con e-child\" data-id=\"2cbe9c3\" data-element_type=\"container\" data-e-type=\"container\">\n\t\t\t\t<div class=\"elementor-element elementor-element-18e638c elementor-widget elementor-widget-text-editor\" data-id=\"18e638c\" data-element_type=\"widget\" data-e-type=\"widget\" data-widget_type=\"text-editor.default\">\n\t\t\t\t\t\t\t\t\t<p>Les ensembles instrumentaux et vocaux, de par la nature de leurs activit\u00e9s, utilisent souvent et en grande quantit\u00e9 des partitions musicales. Ils ont donc besoin d&rsquo;un r\u00e8glement clair et flexible qui corresponde \u00e0 leur pratique : leurs besoins artistiques et organisationnels, leurs budgets limit\u00e9s, leur souhait de limiter l&rsquo;administration et leur besoin de s\u00e9curit\u00e9 juridique.<\/p>\t\t\t\t\t\t\t\t<\/div>\n\t\t\t\t<\/div>\n\t\t<div class=\"elementor-element elementor-element-45c9a59 e-con-full e-flex e-con e-child\" data-id=\"45c9a59\" data-element_type=\"container\" data-e-type=\"container\">\n\t\t\t\t<div class=\"elementor-element elementor-element-22bc6d8 elementor-widget elementor-widget-button\" data-id=\"22bc6d8\" data-element_type=\"widget\" data-e-type=\"widget\" data-widget_type=\"button.default\">\n\t\t\t\t\t\t\t\t\t\t<a class=\"elementor-button elementor-button-link elementor-size-sm\" href=\"https:\/\/semu.be\/wp-content\/uploads\/200214-Licentie-B-Nl-Instrumentale-ensembles.pdf\" target=\"_blank\">\n\t\t\t\t\t\t<span class=\"elementor-button-content-wrapper\">\n\t\t\t\t\t\t\t\t\t<span class=\"elementor-button-text\">T\u00e9l\u00e9chargez la licence ici<\/span>\n\t\t\t\t\t<\/span>\n\t\t\t\t\t<\/a>\n\t\t\t\t\t\t\t\t<\/div>\n\t\t\t\t<\/div>\n\t\t\t\t\t<\/div>\n\t\t\t\t<\/div>\n\t\t<div class=\"elementor-element elementor-element-daa1eef pad-b-s e-flex e-con-boxed e-con e-parent\" data-id=\"daa1eef\" data-element_type=\"container\" data-e-type=\"container\">\n\t\t\t\t\t<div class=\"e-con-inner\">\n\t\t\t\t<div class=\"elementor-element elementor-element-d85159f elementor-widget elementor-widget-heading\" data-id=\"d85159f\" data-element_type=\"widget\" data-e-type=\"widget\" data-widget_type=\"heading.default\">\n\t\t\t\t\t<h2 class=\"elementor-heading-title elementor-size-default\">Plus de licences int\u00e9ressantes<\/h2>\t\t\t\t<\/div>\n\t\t\t\t\t<\/div>\n\t\t\t\t<\/div>\n\t\t<div class=\"elementor-element elementor-element-575030b9 pad-b-l e-flex e-con-boxed e-con e-parent\" data-id=\"575030b9\" data-element_type=\"container\" data-e-type=\"container\" data-settings=\"{&quot;background_background&quot;:&quot;classic&quot;}\">\n\t\t\t\t\t<div class=\"e-con-inner\">\n\t\t<div class=\"elementor-element elementor-element-6ae8a07e e-grid e-con-boxed e-con e-child\" data-id=\"6ae8a07e\" data-element_type=\"container\" data-e-type=\"container\">\n\t\t\t\t\t<div class=\"e-con-inner\">\n\t\t<div class=\"elementor-element elementor-element-568aa3f7 e-grid e-con-full e-con e-child\" data-id=\"568aa3f7\" data-element_type=\"container\" data-e-type=\"container\">\n\t\t<a class=\"elementor-element elementor-element-5e28c5f3 e-con-full animated-fast e-flex elementor-invisible e-con e-child\" data-id=\"5e28c5f3\" data-element_type=\"container\" data-e-type=\"container\" data-settings=\"{&quot;background_background&quot;:&quot;classic&quot;,&quot;animation&quot;:&quot;fadeIn&quot;,&quot;animation_delay&quot;:500}\" href=\"https:\/\/semu.be\/licenties\/deeltijds-kunstonderwijs\/\">\n\t\t\t\t<div class=\"elementor-element elementor-element-12041f3c elementor-widget__width-initial elementor-widget-tablet__width-inherit elementor-widget elementor-widget-icon-box\" data-id=\"12041f3c\" data-element_type=\"widget\" data-e-type=\"widget\" data-widget_type=\"icon-box.default\">\n\t\t\t\t\t\t\t<div class=\"elementor-icon-box-wrapper\">\n\n\t\t\t\n\t\t\t\t\t\t<div class=\"elementor-icon-box-content\">\n\n\t\t\t\t\t\t\t\t\t<h3 class=\"elementor-icon-box-title\">\n\t\t\t\t\t\t<span  >\n\t\t\t\t\t\t\tEnseignement artistique \u00e0 temps partiel (orientation musicale)\t\t\t\t\t\t<\/span>\n\t\t\t\t\t<\/h3>\n\t\t\t\t\n\t\t\t\t\n\t\t\t<\/div>\n\t\t\t\n\t\t<\/div>\n\t\t\t\t\t\t<\/div>\n\t\t\t\t<\/a>\n\t\t<a class=\"elementor-element elementor-element-24606a85 e-con-full animated-fast e-flex elementor-invisible e-con e-child\" data-id=\"24606a85\" data-element_type=\"container\" data-e-type=\"container\" data-settings=\"{&quot;background_background&quot;:&quot;classic&quot;,&quot;animation&quot;:&quot;fadeIn&quot;,&quot;animation_delay&quot;:600}\" href=\"https:\/\/semu.be\/licenties\/hogescholen-en-kunsthumaniora\/\">\n\t\t\t\t<div class=\"elementor-element elementor-element-7cc95261 elementor-widget__width-initial elementor-widget-tablet__width-inherit elementor-widget elementor-widget-icon-box\" data-id=\"7cc95261\" data-element_type=\"widget\" data-e-type=\"widget\" data-widget_type=\"icon-box.default\">\n\t\t\t\t\t\t\t<div class=\"elementor-icon-box-wrapper\">\n\n\t\t\t\n\t\t\t\t\t\t<div class=\"elementor-icon-box-content\">\n\n\t\t\t\t\t\t\t\t\t<h3 class=\"elementor-icon-box-title\">\n\t\t\t\t\t\t<span  >\n\t\t\t\t\t\t\t\u00c9coles secondaires et sup\u00e9rieures (conservatoires) des arts\t\t\t\t\t\t<\/span>\n\t\t\t\t\t<\/h3>\n\t\t\t\t\n\t\t\t\t\n\t\t\t<\/div>\n\t\t\t\n\t\t<\/div>\n\t\t\t\t\t\t<\/div>\n\t\t\t\t<\/a>\n\t\t\t\t<\/div>\n\t\t<div class=\"elementor-element elementor-element-30630bbf e-grid e-con-full e-con e-child\" data-id=\"30630bbf\" data-element_type=\"container\" data-e-type=\"container\">\n\t\t<a class=\"elementor-element elementor-element-3e5fc204 e-con-full animated-fast e-flex elementor-invisible e-con e-child\" data-id=\"3e5fc204\" data-element_type=\"container\" data-e-type=\"container\" data-settings=\"{&quot;background_background&quot;:&quot;classic&quot;,&quot;animation&quot;:&quot;fadeIn&quot;,&quot;animation_delay&quot;:500}\" href=\"https:\/\/semu.be\/licenties\/dagonderwijs\/\">\n\t\t\t\t<div class=\"elementor-element elementor-element-7434f92f elementor-widget__width-initial elementor-widget-tablet__width-inherit elementor-widget elementor-widget-icon-box\" data-id=\"7434f92f\" data-element_type=\"widget\" data-e-type=\"widget\" data-widget_type=\"icon-box.default\">\n\t\t\t\t\t\t\t<div class=\"elementor-icon-box-wrapper\">\n\n\t\t\t\n\t\t\t\t\t\t<div class=\"elementor-icon-box-content\">\n\n\t\t\t\t\t\t\t\t\t<h3 class=\"elementor-icon-box-title\">\n\t\t\t\t\t\t<span  >\n\t\t\t\t\t\t\tEnseignement fondamental et secondaire ordinaire\t\t\t\t\t\t<\/span>\n\t\t\t\t\t<\/h3>\n\t\t\t\t\n\t\t\t\t\n\t\t\t<\/div>\n\t\t\t\n\t\t<\/div>\n\t\t\t\t\t\t<\/div>\n\t\t\t\t<\/a>\n\t\t<a class=\"elementor-element elementor-element-205734bf e-con-full animated-fast e-flex elementor-invisible e-con e-child\" data-id=\"205734bf\" data-element_type=\"container\" data-e-type=\"container\" data-settings=\"{&quot;background_background&quot;:&quot;classic&quot;,&quot;animation&quot;:&quot;fadeIn&quot;,&quot;animation_delay&quot;:600}\" href=\"https:\/\/semu.be\/licenties\/koren\/\">\n\t\t\t\t<div class=\"elementor-element elementor-element-308f2aa3 elementor-widget__width-initial elementor-widget-tablet__width-inherit elementor-widget elementor-widget-icon-box\" data-id=\"308f2aa3\" data-element_type=\"widget\" data-e-type=\"widget\" data-widget_type=\"icon-box.default\">\n\t\t\t\t\t\t\t<div class=\"elementor-icon-box-wrapper\">\n\n\t\t\t\n\t\t\t\t\t\t<div class=\"elementor-icon-box-content\">\n\n\t\t\t\t\t\t\t\t\t<h3 class=\"elementor-icon-box-title\">\n\t\t\t\t\t\t<span  >\n\t\t\t\t\t\t\tChorales\t\t\t\t\t\t<\/span>\n\t\t\t\t\t<\/h3>\n\t\t\t\t\n\t\t\t\t\n\t\t\t<\/div>\n\t\t\t\n\t\t<\/div>\n\t\t\t\t\t\t<\/div>\n\t\t\t\t<\/a>\n\t\t\t\t<\/div>\n\t\t<div class=\"elementor-element elementor-element-472758e7 e-grid e-con-full e-con e-child\" data-id=\"472758e7\" data-element_type=\"container\" data-e-type=\"container\">\n\t\t<a class=\"elementor-element elementor-element-1a5aeeff e-con-full animated-fast e-flex elementor-invisible e-con e-child\" data-id=\"1a5aeeff\" data-element_type=\"container\" data-e-type=\"container\" data-settings=\"{&quot;background_background&quot;:&quot;classic&quot;,&quot;animation&quot;:&quot;fadeIn&quot;,&quot;animation_delay&quot;:600}\" href=\"https:\/\/semu.be\/licenties\/evenementen\/\">\n\t\t\t\t<div class=\"elementor-element elementor-element-64130825 elementor-widget__width-initial elementor-widget-tablet__width-inherit elementor-widget elementor-widget-icon-box\" data-id=\"64130825\" data-element_type=\"widget\" data-e-type=\"widget\" data-widget_type=\"icon-box.default\">\n\t\t\t\t\t\t\t<div class=\"elementor-icon-box-wrapper\">\n\n\t\t\t\n\t\t\t\t\t\t<div class=\"elementor-icon-box-content\">\n\n\t\t\t\t\t\t\t\t\t<h3 class=\"elementor-icon-box-title\">\n\t\t\t\t\t\t<span  >\n\t\t\t\t\t\t\tEv\u00e9nements\t\t\t\t\t\t<\/span>\n\t\t\t\t\t<\/h3>\n\t\t\t\t\n\t\t\t\t\n\t\t\t<\/div>\n\t\t\t\n\t\t<\/div>\n\t\t\t\t\t\t<\/div>\n\t\t\t\t<\/a>\n\t\t\t\t<\/div>\n\t\t\t\t\t<\/div>\n\t\t\t\t<\/div>\n\t\t\t\t\t<\/div>\n\t\t\t\t<\/div>\n\t\t\t\t<\/div>\n\t\t","protected":false},"excerpt":{"rendered":"<p>Ensembles instrumentaux Les ensembles instrumentaux et vocaux, de par la nature de leurs activit\u00e9s, utilisent souvent et en grande quantit\u00e9 des partitions musicales. Ils ont donc besoin d&rsquo;un r\u00e8glement clair et flexible qui corresponde \u00e0 leur pratique : leurs besoins artistiques et organisationnels, leurs budgets limit\u00e9s, leur souhait de limiter l&rsquo;administration et leur besoin de [&hellip;]<\/p>\n","protected":false},"author":1,"featured_media":0,"parent":2539,"menu_order":0,"comment_status":"closed","ping_status":"closed","template":"","meta":{"_acf_changed":false,"iawp_total_views":20,"footnotes":""},"class_list":["post-2557","page","type-page","status-publish","hentry"],"acf":[],"_links":{"self":[{"href":"https:\/\/semu.be\/fr\/wp-json\/wp\/v2\/pages\/2557","targetHints":{"allow":["GET"]}}],"collection":[{"href":"https:\/\/semu.be\/fr\/wp-json\/wp\/v2\/pages"}],"about":[{"href":"https:\/\/semu.be\/fr\/wp-json\/wp\/v2\/types\/page"}],"author":[{"embeddable":true,"href":"https:\/\/semu.be\/fr\/wp-json\/wp\/v2\/users\/1"}],"replies":[{"embeddable":true,"href":"https:\/\/semu.be\/fr\/wp-json\/wp\/v2\/comments?post=2557"}],"version-history":[{"count":2,"href":"https:\/\/semu.be\/fr\/wp-json\/wp\/v2\/pages\/2557\/revisions"}],"predecessor-version":[{"id":2680,"href":"https:\/\/semu.be\/fr\/wp-json\/wp\/v2\/pages\/2557\/revisions\/2680"}],"up":[{"embeddable":true,"href":"https:\/\/semu.be\/fr\/wp-json\/wp\/v2\/pages\/2539"}],"wp:attachment":[{"href":"https:\/\/semu.be\/fr\/wp-json\/wp\/v2\/media?parent=2557"}],"curies":[{"name":"wp","href":"https:\/\/api.w.org\/{rel}","templated":true}]}}