{"id":2541,"date":"2025-10-15T20:06:57","date_gmt":"2025-10-15T18:06:57","guid":{"rendered":"https:\/\/new.semu.be\/licences\/enseignement-fondamental\/"},"modified":"2025-12-28T13:01:09","modified_gmt":"2025-12-28T12:01:09","slug":"enseignement-fondamental","status":"publish","type":"page","link":"https:\/\/semu.be\/fr\/licences\/enseignement-fondamental\/","title":{"rendered":"Enseignement fondamental ordinaire"},"content":{"rendered":"\t\t<div data-elementor-type=\"wp-page\" data-elementor-id=\"2541\" class=\"elementor elementor-2541 elementor-1108\" data-elementor-post-type=\"page\">\n\t\t\t\t<div class=\"elementor-element elementor-element-187ac2bb pad-tb-m e-flex e-con-boxed e-con e-parent\" data-id=\"187ac2bb\" data-element_type=\"container\" data-e-type=\"container\" data-settings=\"{&quot;background_background&quot;:&quot;classic&quot;}\">\n\t\t\t\t\t<div class=\"e-con-inner\">\n\t\t\t\t<div class=\"elementor-element elementor-element-6a25d69b elementor-widget elementor-widget-heading\" data-id=\"6a25d69b\" data-element_type=\"widget\" data-e-type=\"widget\" data-widget_type=\"heading.default\">\n\t\t\t\t\t<h1 class=\"elementor-heading-title elementor-size-default\">Enseignement fondamental ordinaire\n<\/h1>\t\t\t\t<\/div>\n\t\t\t\t<div class=\"elementor-element elementor-element-4918a0a elementor-widget elementor-widget-heading\" data-id=\"4918a0a\" data-element_type=\"widget\" data-e-type=\"widget\" data-widget_type=\"heading.default\">\n\t\t\t\t\t<h1 class=\"elementor-heading-title elementor-size-default\">(enseignement maternel, primaire et secondaire)<\/h1>\t\t\t\t<\/div>\n\t\t\t\t\t<\/div>\n\t\t\t\t<\/div>\n\t\t<div class=\"elementor-element elementor-element-0d0856d pad-tb-m e-flex e-con-boxed e-con e-parent\" data-id=\"0d0856d\" data-element_type=\"container\" data-e-type=\"container\">\n\t\t\t\t\t<div class=\"e-con-inner\">\n\t\t<div class=\"elementor-element elementor-element-2cbe9c3 e-con-full e-flex e-con e-child\" data-id=\"2cbe9c3\" data-element_type=\"container\" data-e-type=\"container\">\n\t\t\t\t<div class=\"elementor-element elementor-element-18e638c elementor-widget elementor-widget-text-editor\" data-id=\"18e638c\" data-element_type=\"widget\" data-e-type=\"widget\" data-widget_type=\"text-editor.default\">\n\t\t\t\t\t\t\t\t\t<p>Dans l&rsquo;enseignement maternel, primaire et secondaire, on utilise r\u00e9guli\u00e8rement des partitions musicales, des chansons et des paroles de chansons. C&rsquo;est pourquoi il est n\u00e9cessaire d&rsquo;avoir un r\u00e8glement clair et flexible qui soit conforme \u00e0 la Loi et qui tienne compte de la r\u00e9alit\u00e9 de l&rsquo;enseignement : les besoins p\u00e9dagogiques, les budgets limit\u00e9s, le souhait de r\u00e9duire l&rsquo;administration et le besoin de s\u00e9curit\u00e9 juridique.<\/p><p>Cet accord de licence ne s&rsquo;applique pas \u00e0 l&rsquo;enseignement sup\u00e9rieur et secondaire artistique \u00e0 temps plein. Pour ces \u00e9tablissements, il existe un accord de licence sp\u00e9cifique pour l&rsquo;Enseignement Artistique Sup\u00e9rieur et Secondaire. Cette license ne s&rsquo;applique pas non plus \u00e0 l&rsquo;enseignement artistique \u00e0 temps partiel ; pour celui-ci, un accord de licence distinct pour l&rsquo;Enseignement Artistique \u00e0 Temps Partiel est en vigueur.<\/p>\t\t\t\t\t\t\t\t<\/div>\n\t\t\t\t<\/div>\n\t\t<div class=\"elementor-element elementor-element-45c9a59 e-con-full e-flex e-con e-child\" data-id=\"45c9a59\" data-element_type=\"container\" data-e-type=\"container\">\n\t\t\t\t<div class=\"elementor-element elementor-element-22bc6d8 elementor-widget elementor-widget-button\" data-id=\"22bc6d8\" data-element_type=\"widget\" data-e-type=\"widget\" data-widget_type=\"button.default\">\n\t\t\t\t\t\t\t\t\t\t<a class=\"elementor-button elementor-button-link elementor-size-sm\" href=\"https:\/\/semu.be\/wp-content\/uploads\/210901-Licentie-BVSO-IJ-21.pdf\" target=\"_blank\">\n\t\t\t\t\t\t<span class=\"elementor-button-content-wrapper\">\n\t\t\t\t\t\t\t\t\t<span class=\"elementor-button-text\">T\u00e9l\u00e9chargez la licence ici<\/span>\n\t\t\t\t\t<\/span>\n\t\t\t\t\t<\/a>\n\t\t\t\t\t\t\t\t<\/div>\n\t\t\t\t<div class=\"elementor-element elementor-element-ed3ec4b elementor-icon-list--layout-traditional elementor-list-item-link-full_width elementor-widget elementor-widget-icon-list\" data-id=\"ed3ec4b\" data-element_type=\"widget\" data-e-type=\"widget\" data-widget_type=\"icon-list.default\">\n\t\t\t\t\t\t\t<ul class=\"elementor-icon-list-items\">\n\t\t\t\t\t\t\t<li class=\"elementor-icon-list-item\">\n\t\t\t\t\t\t\t\t\t\t\t<a href=\"https:\/\/semu.be\/wp-content\/uploads\/Memorie-vanToelichting-210901.pdf\" target=\"_blank\">\n\n\t\t\t\t\t\t\t\t\t\t\t\t<span class=\"elementor-icon-list-icon\">\n\t\t\t\t\t\t\t<svg aria-hidden=\"true\" class=\"e-font-icon-svg e-fas-chevron-circle-right\" viewBox=\"0 0 512 512\" xmlns=\"http:\/\/www.w3.org\/2000\/svg\"><path d=\"M256 8c137 0 248 111 248 248S393 504 256 504 8 393 8 256 119 8 256 8zm113.9 231L234.4 103.5c-9.4-9.4-24.6-9.4-33.9 0l-17 17c-9.4 9.4-9.4 24.6 0 33.9L285.1 256 183.5 357.6c-9.4 9.4-9.4 24.6 0 33.9l17 17c9.4 9.4 24.6 9.4 33.9 0L369.9 273c9.4-9.4 9.4-24.6 0-34z\"><\/path><\/svg>\t\t\t\t\t\t<\/span>\n\t\t\t\t\t\t\t\t\t\t<span class=\"elementor-icon-list-text\">Expos\u00e9 des motifs<\/span>\n\t\t\t\t\t\t\t\t\t\t\t<\/a>\n\t\t\t\t\t\t\t\t\t<\/li>\n\t\t\t\t\t\t<\/ul>\n\t\t\t\t\t\t<\/div>\n\t\t\t\t<\/div>\n\t\t\t\t\t<\/div>\n\t\t\t\t<\/div>\n\t\t<div class=\"elementor-element elementor-element-3757018 pad-b-s e-flex e-con-boxed e-con e-parent\" data-id=\"3757018\" data-element_type=\"container\" data-e-type=\"container\">\n\t\t\t\t\t<div class=\"e-con-inner\">\n\t\t\t\t<div class=\"elementor-element elementor-element-d175351 elementor-widget elementor-widget-heading\" data-id=\"d175351\" data-element_type=\"widget\" data-e-type=\"widget\" data-widget_type=\"heading.default\">\n\t\t\t\t\t<h2 class=\"elementor-heading-title elementor-size-default\">Plus de licences int\u00e9ressantes<\/h2>\t\t\t\t<\/div>\n\t\t\t\t\t<\/div>\n\t\t\t\t<\/div>\n\t\t<div class=\"elementor-element elementor-element-6cab2a57 pad-b-l e-flex e-con-boxed e-con e-parent\" data-id=\"6cab2a57\" data-element_type=\"container\" data-e-type=\"container\" data-settings=\"{&quot;background_background&quot;:&quot;classic&quot;}\">\n\t\t\t\t\t<div class=\"e-con-inner\">\n\t\t<div class=\"elementor-element elementor-element-5e4cf4f6 e-grid e-con-boxed e-con e-child\" data-id=\"5e4cf4f6\" data-element_type=\"container\" data-e-type=\"container\">\n\t\t\t\t\t<div class=\"e-con-inner\">\n\t\t<div class=\"elementor-element elementor-element-3e858bc7 e-grid e-con-full e-con e-child\" data-id=\"3e858bc7\" data-element_type=\"container\" data-e-type=\"container\">\n\t\t<a class=\"elementor-element elementor-element-2aa31983 e-con-full animated-fast e-flex elementor-invisible e-con e-child\" data-id=\"2aa31983\" data-element_type=\"container\" data-e-type=\"container\" data-settings=\"{&quot;background_background&quot;:&quot;classic&quot;,&quot;animation&quot;:&quot;fadeIn&quot;,&quot;animation_delay&quot;:500}\" href=\"https:\/\/semu.be\/licenties\/deeltijds-kunstonderwijs\/\">\n\t\t\t\t<div class=\"elementor-element elementor-element-4104c178 elementor-widget__width-initial elementor-widget-tablet__width-inherit elementor-widget elementor-widget-icon-box\" data-id=\"4104c178\" data-element_type=\"widget\" data-e-type=\"widget\" data-widget_type=\"icon-box.default\">\n\t\t\t\t\t\t\t<div class=\"elementor-icon-box-wrapper\">\n\n\t\t\t\n\t\t\t\t\t\t<div class=\"elementor-icon-box-content\">\n\n\t\t\t\t\t\t\t\t\t<h3 class=\"elementor-icon-box-title\">\n\t\t\t\t\t\t<span  >\n\t\t\t\t\t\t\tEnseignement artistique \u00e0 temps partiel (orientation musicale)\t\t\t\t\t\t<\/span>\n\t\t\t\t\t<\/h3>\n\t\t\t\t\n\t\t\t\t\n\t\t\t<\/div>\n\t\t\t\n\t\t<\/div>\n\t\t\t\t\t\t<\/div>\n\t\t\t\t<\/a>\n\t\t<a class=\"elementor-element elementor-element-1130078b e-con-full animated-fast e-flex elementor-invisible e-con e-child\" data-id=\"1130078b\" data-element_type=\"container\" data-e-type=\"container\" data-settings=\"{&quot;background_background&quot;:&quot;classic&quot;,&quot;animation&quot;:&quot;fadeIn&quot;,&quot;animation_delay&quot;:600}\" href=\"https:\/\/semu.be\/licenties\/hogescholen-en-kunsthumaniora\/\">\n\t\t\t\t<div class=\"elementor-element elementor-element-35e5e4c4 elementor-widget__width-initial elementor-widget-tablet__width-inherit elementor-widget elementor-widget-icon-box\" data-id=\"35e5e4c4\" data-element_type=\"widget\" data-e-type=\"widget\" data-widget_type=\"icon-box.default\">\n\t\t\t\t\t\t\t<div class=\"elementor-icon-box-wrapper\">\n\n\t\t\t\n\t\t\t\t\t\t<div class=\"elementor-icon-box-content\">\n\n\t\t\t\t\t\t\t\t\t<h3 class=\"elementor-icon-box-title\">\n\t\t\t\t\t\t<span  >\n\t\t\t\t\t\t\t\u00c9coles secondaires et sup\u00e9rieures (conservatoires) des arts\t\t\t\t\t\t<\/span>\n\t\t\t\t\t<\/h3>\n\t\t\t\t\n\t\t\t\t\n\t\t\t<\/div>\n\t\t\t\n\t\t<\/div>\n\t\t\t\t\t\t<\/div>\n\t\t\t\t<\/a>\n\t\t\t\t<\/div>\n\t\t<div class=\"elementor-element elementor-element-55401b98 e-grid e-con-full e-con e-child\" data-id=\"55401b98\" data-element_type=\"container\" data-e-type=\"container\">\n\t\t<a class=\"elementor-element elementor-element-38528592 e-con-full animated-fast e-flex elementor-invisible e-con e-child\" data-id=\"38528592\" data-element_type=\"container\" data-e-type=\"container\" data-settings=\"{&quot;background_background&quot;:&quot;classic&quot;,&quot;animation&quot;:&quot;fadeIn&quot;,&quot;animation_delay&quot;:600}\" href=\"https:\/\/semu.be\/licenties\/koren\/\">\n\t\t\t\t<div class=\"elementor-element elementor-element-20273151 elementor-widget__width-initial elementor-widget-tablet__width-inherit elementor-widget elementor-widget-icon-box\" data-id=\"20273151\" data-element_type=\"widget\" data-e-type=\"widget\" data-widget_type=\"icon-box.default\">\n\t\t\t\t\t\t\t<div class=\"elementor-icon-box-wrapper\">\n\n\t\t\t\n\t\t\t\t\t\t<div class=\"elementor-icon-box-content\">\n\n\t\t\t\t\t\t\t\t\t<h3 class=\"elementor-icon-box-title\">\n\t\t\t\t\t\t<span  >\n\t\t\t\t\t\t\tChorales\t\t\t\t\t\t<\/span>\n\t\t\t\t\t<\/h3>\n\t\t\t\t\n\t\t\t\t\n\t\t\t<\/div>\n\t\t\t\n\t\t<\/div>\n\t\t\t\t\t\t<\/div>\n\t\t\t\t<\/a>\n\t\t<a class=\"elementor-element elementor-element-3b394615 e-con-full animated-fast e-flex elementor-invisible e-con e-child\" data-id=\"3b394615\" data-element_type=\"container\" data-e-type=\"container\" data-settings=\"{&quot;background_background&quot;:&quot;classic&quot;,&quot;animation&quot;:&quot;fadeIn&quot;,&quot;animation_delay&quot;:600}\" href=\"https:\/\/semu.be\/licenties\/evenementen\/\">\n\t\t\t\t<div class=\"elementor-element elementor-element-3514d98f elementor-widget__width-initial elementor-widget-tablet__width-inherit elementor-widget elementor-widget-icon-box\" data-id=\"3514d98f\" data-element_type=\"widget\" data-e-type=\"widget\" data-widget_type=\"icon-box.default\">\n\t\t\t\t\t\t\t<div class=\"elementor-icon-box-wrapper\">\n\n\t\t\t\n\t\t\t\t\t\t<div class=\"elementor-icon-box-content\">\n\n\t\t\t\t\t\t\t\t\t<h3 class=\"elementor-icon-box-title\">\n\t\t\t\t\t\t<span  >\n\t\t\t\t\t\t\tEv\u00e9nements\t\t\t\t\t\t<\/span>\n\t\t\t\t\t<\/h3>\n\t\t\t\t\n\t\t\t\t\n\t\t\t<\/div>\n\t\t\t\n\t\t<\/div>\n\t\t\t\t\t\t<\/div>\n\t\t\t\t<\/a>\n\t\t\t\t<\/div>\n\t\t<div class=\"elementor-element elementor-element-63854e1f e-grid e-con-full e-con e-child\" data-id=\"63854e1f\" data-element_type=\"container\" data-e-type=\"container\">\n\t\t<a class=\"elementor-element elementor-element-4209add0 e-con-full animated-fast e-flex elementor-invisible e-con e-child\" data-id=\"4209add0\" data-element_type=\"container\" data-e-type=\"container\" data-settings=\"{&quot;background_background&quot;:&quot;classic&quot;,&quot;animation&quot;:&quot;fadeIn&quot;,&quot;animation_delay&quot;:500}\" href=\"https:\/\/semu.be\/licenties\/instrumentale-ensembles\/\">\n\t\t\t\t<div class=\"elementor-element elementor-element-729c1f91 elementor-widget__width-initial elementor-widget-tablet__width-inherit elementor-widget elementor-widget-icon-box\" data-id=\"729c1f91\" data-element_type=\"widget\" data-e-type=\"widget\" data-widget_type=\"icon-box.default\">\n\t\t\t\t\t\t\t<div class=\"elementor-icon-box-wrapper\">\n\n\t\t\t\n\t\t\t\t\t\t<div class=\"elementor-icon-box-content\">\n\n\t\t\t\t\t\t\t\t\t<h3 class=\"elementor-icon-box-title\">\n\t\t\t\t\t\t<span  >\n\t\t\t\t\t\t\tEnsembles instrumentaux\t\t\t\t\t\t<\/span>\n\t\t\t\t\t<\/h3>\n\t\t\t\t\n\t\t\t\t\n\t\t\t<\/div>\n\t\t\t\n\t\t<\/div>\n\t\t\t\t\t\t<\/div>\n\t\t\t\t<\/a>\n\t\t\t\t<\/div>\n\t\t\t\t\t<\/div>\n\t\t\t\t<\/div>\n\t\t\t\t\t<\/div>\n\t\t\t\t<\/div>\n\t\t\t\t<\/div>\n\t\t","protected":false},"excerpt":{"rendered":"<p>Enseignement fondamental ordinaire (enseignement maternel, primaire et secondaire) Dans l&rsquo;enseignement maternel, primaire et secondaire, on utilise r\u00e9guli\u00e8rement des partitions musicales, des chansons et des paroles de chansons. C&rsquo;est pourquoi il est n\u00e9cessaire d&rsquo;avoir un r\u00e8glement clair et flexible qui soit conforme \u00e0 la Loi et qui tienne compte de la r\u00e9alit\u00e9 de l&rsquo;enseignement : les [&hellip;]<\/p>\n","protected":false},"author":1,"featured_media":0,"parent":2539,"menu_order":0,"comment_status":"closed","ping_status":"closed","template":"","meta":{"_acf_changed":false,"iawp_total_views":13,"footnotes":""},"class_list":["post-2541","page","type-page","status-publish","hentry"],"acf":[],"_links":{"self":[{"href":"https:\/\/semu.be\/fr\/wp-json\/wp\/v2\/pages\/2541","targetHints":{"allow":["GET"]}}],"collection":[{"href":"https:\/\/semu.be\/fr\/wp-json\/wp\/v2\/pages"}],"about":[{"href":"https:\/\/semu.be\/fr\/wp-json\/wp\/v2\/types\/page"}],"author":[{"embeddable":true,"href":"https:\/\/semu.be\/fr\/wp-json\/wp\/v2\/users\/1"}],"replies":[{"embeddable":true,"href":"https:\/\/semu.be\/fr\/wp-json\/wp\/v2\/comments?post=2541"}],"version-history":[{"count":4,"href":"https:\/\/semu.be\/fr\/wp-json\/wp\/v2\/pages\/2541\/revisions"}],"predecessor-version":[{"id":2672,"href":"https:\/\/semu.be\/fr\/wp-json\/wp\/v2\/pages\/2541\/revisions\/2672"}],"up":[{"embeddable":true,"href":"https:\/\/semu.be\/fr\/wp-json\/wp\/v2\/pages\/2539"}],"wp:attachment":[{"href":"https:\/\/semu.be\/fr\/wp-json\/wp\/v2\/media?parent=2541"}],"curies":[{"name":"wp","href":"https:\/\/api.w.org\/{rel}","templated":true}]}}