{"id":2528,"date":"2025-10-07T11:56:53","date_gmt":"2025-10-07T09:56:53","guid":{"rendered":"https:\/\/new.semu.be\/home\/"},"modified":"2025-12-29T14:23:23","modified_gmt":"2025-12-29T13:23:23","slug":"home","status":"publish","type":"page","link":"https:\/\/semu.be\/fr\/","title":{"rendered":"Accueil"},"content":{"rendered":"\t\t<div data-elementor-type=\"wp-page\" data-elementor-id=\"2528\" class=\"elementor elementor-2528 elementor-80\" data-elementor-post-type=\"page\">\n\t\t\t\t<div class=\"elementor-element elementor-element-b2dbfd8 pad-tb-l e-flex e-con-boxed e-con e-parent\" data-id=\"b2dbfd8\" data-element_type=\"container\" data-e-type=\"container\" data-settings=\"{&quot;background_background&quot;:&quot;classic&quot;}\">\n\t\t\t\t\t<div class=\"e-con-inner\">\n\t\t<div class=\"elementor-element elementor-element-41e8aa3 e-grid e-con-boxed e-con e-child\" data-id=\"41e8aa3\" data-element_type=\"container\" data-e-type=\"container\">\n\t\t\t\t\t<div class=\"e-con-inner\">\n\t\t<div class=\"elementor-element elementor-element-8a5956f e-con-full animated-fast e-flex elementor-invisible e-con e-child\" data-id=\"8a5956f\" data-element_type=\"container\" data-e-type=\"container\" data-settings=\"{&quot;background_background&quot;:&quot;classic&quot;,&quot;animation&quot;:&quot;fadeIn&quot;,&quot;animation_delay&quot;:500}\">\n\t\t\t\t<div class=\"elementor-element elementor-element-bac4881 elementor-widget elementor-widget-heading\" data-id=\"bac4881\" data-element_type=\"widget\" data-e-type=\"widget\" data-widget_type=\"heading.default\">\n\t\t\t\t\t<h1 class=\"elementor-heading-title elementor-size-default\">Prot\u00e9gez la musique. Respectez les droits.<\/h1>\t\t\t\t<\/div>\n\t\t\t\t<div class=\"elementor-element elementor-element-bbaaac7 elementor-widget elementor-widget-text-editor\" data-id=\"bbaaac7\" data-element_type=\"widget\" data-e-type=\"widget\" data-widget_type=\"text-editor.default\">\n\t\t\t\t\t\t\t\t\t<p>Copier, pr\u00eater ou publier des partitions et des textes de chansons n\u2019est possible qu\u2019avec l\u2019autorisation des ayants droit. SEMU vous aide \u00e0 r\u00e9gler cela correctement.<\/p>\t\t\t\t\t\t\t\t<\/div>\n\t\t\t\t<div class=\"elementor-element elementor-element-9627bb4 elementor-widget elementor-widget-button\" data-id=\"9627bb4\" data-element_type=\"widget\" data-e-type=\"widget\" data-widget_type=\"button.default\">\n\t\t\t\t\t\t\t\t\t\t<a class=\"elementor-button elementor-button-link elementor-size-sm\" href=\"https:\/\/semu.be\/fr\/licences\/\">\n\t\t\t\t\t\t<span class=\"elementor-button-content-wrapper\">\n\t\t\t\t\t\t\t\t\t<span class=\"elementor-button-text\">Demander une licence<\/span>\n\t\t\t\t\t<\/span>\n\t\t\t\t\t<\/a>\n\t\t\t\t\t\t\t\t<\/div>\n\t\t\t\t<\/div>\n\t\t\t\t\t<\/div>\n\t\t\t\t<\/div>\n\t\t\t\t\t<\/div>\n\t\t\t\t<\/div>\n\t\t<div class=\"elementor-element elementor-element-f18c2e7 e-flex e-con-boxed e-con e-parent\" data-id=\"f18c2e7\" data-element_type=\"container\" data-e-type=\"container\">\n\t\t\t\t\t<div class=\"e-con-inner\">\n\t\t<div class=\"elementor-element elementor-element-01761f3 e-con-full pad-tb-m e-flex e-con e-child\" data-id=\"01761f3\" data-element_type=\"container\" data-e-type=\"container\">\n\t\t<div class=\"elementor-element elementor-element-ff8ca92 e-con-full e-flex e-con e-child\" data-id=\"ff8ca92\" data-element_type=\"container\" data-e-type=\"container\">\n\t\t\t\t<div class=\"elementor-element elementor-element-8ee834e elementor-widget elementor-widget-heading\" data-id=\"8ee834e\" data-element_type=\"widget\" data-e-type=\"widget\" data-widget_type=\"heading.default\">\n\t\t\t\t\t<h2 class=\"elementor-heading-title elementor-size-default\">Pourquoi vous ne pouvez pas simplement copier <\/h2>\t\t\t\t<\/div>\n\t\t\t\t<div class=\"elementor-element elementor-element-c050a96 elementor-widget elementor-widget-heading\" data-id=\"c050a96\" data-element_type=\"widget\" data-e-type=\"widget\" data-widget_type=\"heading.default\">\n\t\t\t\t\t<h2 class=\"elementor-heading-title elementor-size-default\">DES PARTITIONS\n<\/h2>\t\t\t\t<\/div>\n\t\t\t\t<\/div>\n\t\t<div class=\"elementor-element elementor-element-af27e5c e-con-full e-flex e-con e-child\" data-id=\"af27e5c\" data-element_type=\"container\" data-e-type=\"container\">\n\t\t\t\t<div class=\"elementor-element elementor-element-066d98d elementor-widget elementor-widget-text-editor\" data-id=\"066d98d\" data-element_type=\"widget\" data-e-type=\"widget\" data-widget_type=\"text-editor.default\">\n\t\t\t\t\t\t\t\t\t<p>Toute copie r\u00e9alis\u00e9e sans autorisation constitue une violation du droit d\u2019auteur. Comme pour la contrefa\u00e7on de v\u00eatements ou de montres, c\u2019est une infraction p\u00e9nale. Le pr\u00eat ou la location de partitions, tout comme la mise en ligne de textes de chansons sur un site internet ou dans un bulletin, n\u2019est autoris\u00e9 que si l\u2019ayant droit a donn\u00e9 son accord.<\/p><p><strong>Chaque copie ill\u00e9gale r\u00e9duit les revenus du compositeur, de l\u2019auteur et de l\u2019\u00e9diteur musical.<\/strong><\/p><p>Les copies effectu\u00e9es \u00e0 grande \u00e9chelle appauvrissent le paysage culturel: l\u2019\u00e9diteur ne peut plus investir dans des \u00e9ditions de qualit\u00e9, le compositeur n\u2019est ni r\u00e9mun\u00e9r\u00e9 ni encourag\u00e9 pour son long travail, et les commerces de musique disparaissent les uns apr\u00e8s les autres.<\/p>\t\t\t\t\t\t\t\t<\/div>\n\t\t\t\t<\/div>\n\t\t\t\t<\/div>\n\t\t\t\t\t<\/div>\n\t\t\t\t<\/div>\n\t\t<div class=\"elementor-element elementor-element-1e4540e e-flex e-con-boxed e-con e-parent\" data-id=\"1e4540e\" data-element_type=\"container\" data-e-type=\"container\" data-settings=\"{&quot;background_background&quot;:&quot;classic&quot;}\">\n\t\t\t\t\t<div class=\"e-con-inner\">\n\t\t<div class=\"elementor-element elementor-element-77e780f e-con-full pad-tb-m e-flex e-con e-child\" data-id=\"77e780f\" data-element_type=\"container\" data-e-type=\"container\">\n\t\t<div class=\"elementor-element elementor-element-19584ee e-con-full e-flex e-con e-child\" data-id=\"19584ee\" data-element_type=\"container\" data-e-type=\"container\">\n\t\t\t\t<div class=\"elementor-element elementor-element-e25b831 elementor-widget elementor-widget-heading\" data-id=\"e25b831\" data-element_type=\"widget\" data-e-type=\"widget\" data-widget_type=\"heading.default\">\n\t\t\t\t\t<h2 class=\"elementor-heading-title elementor-size-default\">Vous avez besoin d\u2019une copie ? <br>C\u2019est possible via<\/h2>\t\t\t\t<\/div>\n\t\t\t\t<div class=\"elementor-element elementor-element-f2cf901 elementor-widget elementor-widget-heading\" data-id=\"f2cf901\" data-element_type=\"widget\" data-e-type=\"widget\" data-widget_type=\"heading.default\">\n\t\t\t\t\t<h2 class=\"elementor-heading-title elementor-size-default\">SEMU<\/h2>\t\t\t\t<\/div>\n\t\t\t\t<\/div>\n\t\t<div class=\"elementor-element elementor-element-35c1ec4 e-con-full e-flex e-con e-child\" data-id=\"35c1ec4\" data-element_type=\"container\" data-e-type=\"container\">\n\t\t\t\t<div class=\"elementor-element elementor-element-31d201e elementor-widget elementor-widget-text-editor\" data-id=\"31d201e\" data-element_type=\"widget\" data-e-type=\"widget\" data-widget_type=\"text-editor.default\">\n\t\t\t\t\t\t\t\t\t<p>En outre, les musiciens ou professeurs de musique ont parfois vraiment besoin de faire une \u00ab\u00a0petite copie\u00a0\u00bb d&rsquo;un morceau de partition ou d&rsquo;un texte de chanson. Ceci est d\u00e9sormais possible gr\u00e2ce \u00e0 l&rsquo;obtention d&rsquo;un arrangement avec la SEMU. Vous savez ainsi exactement ce qui est autoris\u00e9 et vous ne devez plus h\u00e9siter. Un guichet, des r\u00e8gles claires.<\/p><p data-start=\"509\" data-end=\"790\">Les r\u00e9mun\u00e9rations re\u00e7ues \u00e0 cet effet sont <strong>partag\u00e9es entre les \u00e9diteurs de musique<\/strong>, qui versent \u00e0 leur tour au compositeur et \u00e0 l&rsquo;auteur la part leur revenant. M\u00eame le commerce musical y trouve son compte: ce qui est autoris\u00e9 et ce qui ne l&rsquo;est pas est tr\u00e8s clair pour tout le monde. <\/p><p data-start=\"792\" data-end=\"1050\">Ainsi se cr\u00e9e <strong>une solution \u00e9quitable et praticable<\/strong> pour tous ceux qui travaillent avec la musique, de l\u2019enseignement musical aux chorales, orchestres et harmonies, en passant par les compositeurs, auteurs et \u00e9diteurs. Plus d&rsquo;excuse donc pour ceux qui \u00ab\u00a0font vite une petite copie\u00a0\u00bb\u2026<\/p>\t\t\t\t\t\t\t\t<\/div>\n\t\t\t\t<\/div>\n\t\t\t\t<\/div>\n\t\t\t\t\t<\/div>\n\t\t\t\t<\/div>\n\t\t<div class=\"elementor-element elementor-element-bd468de pad-b-l e-flex e-con-boxed e-con e-parent\" data-id=\"bd468de\" data-element_type=\"container\" data-e-type=\"container\" data-settings=\"{&quot;background_background&quot;:&quot;classic&quot;}\">\n\t\t\t\t\t<div class=\"e-con-inner\">\n\t\t<div class=\"elementor-element elementor-element-9f191a7 e-grid e-con-boxed e-con e-child\" data-id=\"9f191a7\" data-element_type=\"container\" data-e-type=\"container\">\n\t\t\t\t\t<div class=\"e-con-inner\">\n\t\t<div class=\"elementor-element elementor-element-859baf4 e-grid e-con-full e-con e-child\" data-id=\"859baf4\" data-element_type=\"container\" data-e-type=\"container\">\n\t\t<a class=\"elementor-element elementor-element-2a8a973 e-con-full animated-fast e-flex elementor-invisible e-con e-child\" data-id=\"2a8a973\" data-element_type=\"container\" data-e-type=\"container\" data-settings=\"{&quot;background_background&quot;:&quot;classic&quot;,&quot;animation&quot;:&quot;fadeIn&quot;,&quot;animation_delay&quot;:500}\" href=\"https:\/\/semu.be\/over\/\">\n\t\t\t\t<div class=\"elementor-element elementor-element-afd0a50 elementor-widget__width-initial elementor-widget-tablet__width-inherit elementor-widget elementor-widget-icon-box\" data-id=\"afd0a50\" data-element_type=\"widget\" data-e-type=\"widget\" data-widget_type=\"icon-box.default\">\n\t\t\t\t\t\t\t<div class=\"elementor-icon-box-wrapper\">\n\n\t\t\t\n\t\t\t\t\t\t<div class=\"elementor-icon-box-content\">\n\n\t\t\t\t\t\t\t\t\t<h3 class=\"elementor-icon-box-title\">\n\t\t\t\t\t\t<span  >\n\t\t\t\t\t\t\t\u00c0 propos\t\t\t\t\t\t<\/span>\n\t\t\t\t\t<\/h3>\n\t\t\t\t\n\t\t\t\t\n\t\t\t<\/div>\n\t\t\t\n\t\t<\/div>\n\t\t\t\t\t\t<\/div>\n\t\t\t\t<\/a>\n\t\t<a class=\"elementor-element elementor-element-9c8fa03 e-con-full animated-fast e-flex elementor-invisible e-con e-child\" data-id=\"9c8fa03\" data-element_type=\"container\" data-e-type=\"container\" data-settings=\"{&quot;background_background&quot;:&quot;classic&quot;,&quot;animation&quot;:&quot;fadeIn&quot;,&quot;animation_delay&quot;:600}\" href=\"https:\/\/semu.be\/repertoire\/\">\n\t\t\t\t<div class=\"elementor-element elementor-element-1271384 elementor-widget__width-initial elementor-widget-tablet__width-inherit elementor-widget elementor-widget-icon-box\" data-id=\"1271384\" data-element_type=\"widget\" data-e-type=\"widget\" data-widget_type=\"icon-box.default\">\n\t\t\t\t\t\t\t<div class=\"elementor-icon-box-wrapper\">\n\n\t\t\t\n\t\t\t\t\t\t<div class=\"elementor-icon-box-content\">\n\n\t\t\t\t\t\t\t\t\t<h3 class=\"elementor-icon-box-title\">\n\t\t\t\t\t\t<span  >\n\t\t\t\t\t\t\tR\u00e9pertoire\t\t\t\t\t\t<\/span>\n\t\t\t\t\t<\/h3>\n\t\t\t\t\n\t\t\t\t\n\t\t\t<\/div>\n\t\t\t\n\t\t<\/div>\n\t\t\t\t\t\t<\/div>\n\t\t\t\t<\/a>\n\t\t\t\t<\/div>\n\t\t<a class=\"elementor-element elementor-element-f4884ef e-con-full animated-fast e-flex elementor-invisible e-con e-child\" data-id=\"f4884ef\" data-element_type=\"container\" data-e-type=\"container\" data-settings=\"{&quot;background_background&quot;:&quot;classic&quot;,&quot;animation&quot;:&quot;fadeIn&quot;,&quot;animation_delay&quot;:700}\" href=\"https:\/\/semu.be\/licenties\/\">\n\t\t\t\t<div class=\"elementor-element elementor-element-915044e elementor-widget__width-initial elementor-widget-tablet__width-inherit elementor-widget elementor-widget-icon-box\" data-id=\"915044e\" data-element_type=\"widget\" data-e-type=\"widget\" data-widget_type=\"icon-box.default\">\n\t\t\t\t\t\t\t<div class=\"elementor-icon-box-wrapper\">\n\n\t\t\t\n\t\t\t\t\t\t<div class=\"elementor-icon-box-content\">\n\n\t\t\t\t\t\t\t\t\t<h3 class=\"elementor-icon-box-title\">\n\t\t\t\t\t\t<span  >\n\t\t\t\t\t\t\tLicences\t\t\t\t\t\t<\/span>\n\t\t\t\t\t<\/h3>\n\t\t\t\t\n\t\t\t\t\n\t\t\t<\/div>\n\t\t\t\n\t\t<\/div>\n\t\t\t\t\t\t<\/div>\n\t\t\t\t<\/a>\n\t\t<div class=\"elementor-element elementor-element-4f78d45 e-grid e-con-full e-con e-child\" data-id=\"4f78d45\" data-element_type=\"container\" data-e-type=\"container\">\n\t\t<a class=\"elementor-element elementor-element-3c8927c e-con-full animated-fast e-flex elementor-invisible e-con e-child\" data-id=\"3c8927c\" data-element_type=\"container\" data-e-type=\"container\" data-settings=\"{&quot;background_background&quot;:&quot;classic&quot;,&quot;animation&quot;:&quot;fadeIn&quot;,&quot;animation_delay&quot;:800}\" href=\"https:\/\/semu.be\/wp-content\/uploads\/250901-Tarieven-2025.pdf\" target=\"_blank\">\n\t\t\t\t<div class=\"elementor-element elementor-element-bbc6839 elementor-widget__width-initial elementor-widget-tablet__width-inherit elementor-widget elementor-widget-icon-box\" data-id=\"bbc6839\" data-element_type=\"widget\" data-e-type=\"widget\" data-widget_type=\"icon-box.default\">\n\t\t\t\t\t\t\t<div class=\"elementor-icon-box-wrapper\">\n\n\t\t\t\n\t\t\t\t\t\t<div class=\"elementor-icon-box-content\">\n\n\t\t\t\t\t\t\t\t\t<h3 class=\"elementor-icon-box-title\">\n\t\t\t\t\t\t<span  >\n\t\t\t\t\t\t\tTarifs\t\t\t\t\t\t<\/span>\n\t\t\t\t\t<\/h3>\n\t\t\t\t\n\t\t\t\t\n\t\t\t<\/div>\n\t\t\t\n\t\t<\/div>\n\t\t\t\t\t\t<\/div>\n\t\t\t\t<\/a>\n\t\t<a class=\"elementor-element elementor-element-121e512 e-con-full animated-fast e-flex elementor-invisible e-con e-child\" data-id=\"121e512\" data-element_type=\"container\" data-e-type=\"container\" data-settings=\"{&quot;background_background&quot;:&quot;classic&quot;,&quot;animation&quot;:&quot;fadeIn&quot;,&quot;animation_delay&quot;:900}\" href=\"https:\/\/semu.be\/vragen\/\">\n\t\t\t\t<div class=\"elementor-element elementor-element-53cda7f elementor-widget__width-initial elementor-widget-tablet__width-inherit elementor-widget elementor-widget-icon-box\" data-id=\"53cda7f\" data-element_type=\"widget\" data-e-type=\"widget\" data-widget_type=\"icon-box.default\">\n\t\t\t\t\t\t\t<div class=\"elementor-icon-box-wrapper\">\n\n\t\t\t\n\t\t\t\t\t\t<div class=\"elementor-icon-box-content\">\n\n\t\t\t\t\t\t\t\t\t<h3 class=\"elementor-icon-box-title\">\n\t\t\t\t\t\t<span  >\n\t\t\t\t\t\t\tQuestions fr\u00e9quemment pos\u00e9es\t\t\t\t\t\t<\/span>\n\t\t\t\t\t<\/h3>\n\t\t\t\t\n\t\t\t\t\n\t\t\t<\/div>\n\t\t\t\n\t\t<\/div>\n\t\t\t\t\t\t<\/div>\n\t\t\t\t<\/a>\n\t\t\t\t<\/div>\n\t\t\t\t\t<\/div>\n\t\t\t\t<\/div>\n\t\t\t\t\t<\/div>\n\t\t\t\t<\/div>\n\t\t\t\t<\/div>\n\t\t","protected":false},"excerpt":{"rendered":"<p>Prot\u00e9gez la musique. Respectez les droits. Copier, pr\u00eater ou publier des partitions et des textes de chansons n\u2019est possible qu\u2019avec l\u2019autorisation des ayants droit. SEMU vous aide \u00e0 r\u00e9gler cela correctement. Demander une licence Pourquoi vous ne pouvez pas simplement copier DES PARTITIONS Toute copie r\u00e9alis\u00e9e sans autorisation constitue une violation du droit d\u2019auteur. Comme [&hellip;]<\/p>\n","protected":false},"author":1,"featured_media":0,"parent":0,"menu_order":0,"comment_status":"closed","ping_status":"closed","template":"","meta":{"_acf_changed":false,"iawp_total_views":170,"footnotes":""},"class_list":["post-2528","page","type-page","status-publish","hentry"],"acf":[],"_links":{"self":[{"href":"https:\/\/semu.be\/fr\/wp-json\/wp\/v2\/pages\/2528","targetHints":{"allow":["GET"]}}],"collection":[{"href":"https:\/\/semu.be\/fr\/wp-json\/wp\/v2\/pages"}],"about":[{"href":"https:\/\/semu.be\/fr\/wp-json\/wp\/v2\/types\/page"}],"author":[{"embeddable":true,"href":"https:\/\/semu.be\/fr\/wp-json\/wp\/v2\/users\/1"}],"replies":[{"embeddable":true,"href":"https:\/\/semu.be\/fr\/wp-json\/wp\/v2\/comments?post=2528"}],"version-history":[{"count":3,"href":"https:\/\/semu.be\/fr\/wp-json\/wp\/v2\/pages\/2528\/revisions"}],"predecessor-version":[{"id":2531,"href":"https:\/\/semu.be\/fr\/wp-json\/wp\/v2\/pages\/2528\/revisions\/2531"}],"wp:attachment":[{"href":"https:\/\/semu.be\/fr\/wp-json\/wp\/v2\/media?parent=2528"}],"curies":[{"name":"wp","href":"https:\/\/api.w.org\/{rel}","templated":true}]}}